{"id":18,"date":"2017-07-01T15:54:54","date_gmt":"2017-07-01T13:54:54","guid":{"rendered":"http:\/\/www.yggdrasils.de\/?page_id=18"},"modified":"2020-06-04T15:15:11","modified_gmt":"2020-06-04T13:15:11","slug":"sub","status":"publish","type":"page","link":"https:\/\/www.yggdrasils.de\/?page_id=18","title":{"rendered":"Buchstabensuppe"},"content":{"rendered":"<p>Willkommen in der Selbsthilfegruppe anonymer Bibliophiler.<br \/>\nMach es dir gem\u00fctlich, nimm dir eine sch\u00f6n hei\u00dfe Tasse Tee und greif zu bei den Keksen &#8211; aber wehe du machst Flecken in die B\u00fccher!<\/p>\n<p>Um das Eis zu brechen, fange ich die Vorstellungsrunde mit zwei Gest\u00e4ndnissen an:<\/p>\n<p>Gest\u00e4ndnis #1: Ich liebe es zu lesen.<br \/>\nGest\u00e4ndnis #2: Ich neige dazu B\u00fccher zu horten.<\/p>\n<p>Beides f\u00fchrt dazu, das ich einen ordentlichen SuB habe. Nein, nein &#8211; das ist nichts unanst\u00e4ndiges, keine Sorge. Es ist einfach die Abk\u00fcrzung f\u00fcr den <strong>S<\/strong>tapel <strong>u<\/strong>ngelesener <strong>B<\/strong>\u00fccher.<\/p>\n<p>Haupts\u00e4chlich lese ich B\u00fccher aus den Bereichen Krimi, Fantasy und englische Klassiker. Immer mal wieder verlasse ich auch diese Pfade und schaue, was sich sonst noch sch\u00f6nes im Wald der B\u00fccher, in dem die Bl\u00e4tter rascheln wie Buchseiten die umgebl\u00e4ttert werden, findet.<\/p>\n<p>Aktuell liegen 68<span style=\"text-decoration: underline;\">\u00a0B\u00fccher<\/span> auf meinem SuB. (Stand: 04.06.2020)<\/p>\n<p>Weil du es bist, verrate ich dir auch, um welche B\u00fccher es sich handelt:<\/p>\n<table border=\"0\" cellspacing=\"0\">\n<colgroup width=\"724\"><\/colgroup>\n<tbody>\n<tr>\n<td align=\"left\" height=\"17\">\n<table border=\"0\" cellspacing=\"0\">\n<colgroup width=\"724\"><\/colgroup>\n<tbody>\n<tr>\n<td align=\"left\" height=\"17\"><b><span style=\"color: #000000; font-family: Arial;\">Kriminalromane und Thriller<\/span><\/b><\/td>\n<\/tr>\n<tr>\n<td align=\"left\" height=\"17\"><span style=\"color: #000000; font-family: Arial;\">Sir Arthur Conan Doyle \u2013 The Case Book of Sherlock Holmes<\/span><\/td>\n<\/tr>\n<tr>\n<td align=\"left\" height=\"17\"><span style=\"color: #000000; font-family: Arial;\">Sir Arthur Conan Doyle \u2013 The Hound of Baskervilles, Etc.<\/span><\/td>\n<\/tr>\n<tr>\n<td align=\"left\" height=\"17\"><span style=\"color: #000000; font-family: Arial;\">Sir Arthur Conan Doyle \u2013 The Memoirs of Sherlock Holmes<\/span><\/td>\n<\/tr>\n<tr>\n<td align=\"left\" height=\"17\"><span style=\"color: #000000; font-family: Arial;\">Sir Arthur Conan Doyle \u2013 The Return of Sherlock Holmes<\/span><\/td>\n<\/tr>\n<tr>\n<td align=\"left\" height=\"17\"><span style=\"color: #000000; font-family: Arial;\">Andreas Franz \u2013 Kaltes Blut<\/span><\/td>\n<\/tr>\n<tr>\n<td align=\"left\" height=\"17\"><span style=\"color: #000000; font-family: Arial;\">Anthony Horowitz \u2013 The House of Silk<\/span><\/td>\n<\/tr>\n<tr>\n<td align=\"left\" height=\"17\"><span style=\"color: #000000; font-family: Arial;\">Andrej Kurkow \u2013 Ein Freund des Verblichenen<\/span><\/td>\n<\/tr>\n<tr>\n<td align=\"left\" height=\"17\"><span style=\"color: #000000; font-family: Arial;\">Charlotte Link \u2013 Die Rosenz\u00fcchterin<\/span><\/td>\n<\/tr>\n<tr>\n<td align=\"left\" height=\"17\"><span style=\"color: #000000; font-family: Arial;\">Chalotte Link \u2013 Wilde Lupinen<\/span><\/td>\n<\/tr>\n<tr>\n<td align=\"left\" height=\"17\"><span style=\"color: #000000; font-family: Arial;\">Charlotte Link \u2013 Die Stunde der Erben<\/span><\/td>\n<\/tr>\n<tr>\n<td align=\"left\" height=\"17\"><span style=\"color: #000000; font-family: Arial;\">Charlotte Link \u2013 Sturmzeit<\/span><\/td>\n<\/tr>\n<tr>\n<td align=\"left\" height=\"17\"><span style=\"color: #000000; font-family: Arial;\">Ian Rankin \u2013 Let It Bleed<\/span><\/td>\n<\/tr>\n<tr>\n<td align=\"left\" height=\"17\"><span style=\"color: #000000; font-family: Arial;\">Ian Rankin \u2013 The Black Book<\/span><\/td>\n<\/tr>\n<tr>\n<td align=\"left\" height=\"17\"><span style=\"color: #000000; font-family: Arial;\">Ian Rankin \u2013 Mortal Causes<\/span><\/td>\n<\/tr>\n<tr>\n<td align=\"left\" height=\"17\"><b><span style=\"color: #000000; font-family: Arial;\">Phantastisches<\/span><\/b><\/td>\n<\/tr>\n<tr>\n<td align=\"left\" height=\"17\"><span style=\"color: #000000; font-family: Arial;\">Diverse \u2013 Keltische M\u00e4rchen aus Schottland<\/span><\/td>\n<\/tr>\n<tr>\n<td align=\"left\" height=\"17\"><span style=\"color: #000000; font-family: Arial;\">Robert A. Heinlein \u2013 Starship Troopers<\/span><\/td>\n<\/tr>\n<tr>\n<td align=\"left\" height=\"17\"><span style=\"color: #000000; font-family: Arial;\">Jo\u00eblle Jones, Jamie S. Rich \u2013 Lady Killer<\/span><\/td>\n<\/tr>\n<tr>\n<td align=\"left\" height=\"17\"><span style=\"color: #000000; font-family: Arial;\">Terry Pratchett \u2013 Thud!<\/span><\/td>\n<\/tr>\n<tr>\n<td align=\"left\" height=\"17\"><span style=\"color: #000000; font-family: Arial;\">Daniel Suarez \u2013 Daemon<\/span><\/td>\n<\/tr>\n<tr>\n<td align=\"left\" height=\"17\"><span style=\"color: #000000; font-family: Arial;\">Folke Tegetthoff \u2013 Kr\u00e4uterm\u00e4rchen<\/span><\/td>\n<\/tr>\n<tr>\n<td align=\"left\" height=\"17\"><span style=\"color: #000000; font-family: Arial;\">H.P. Lovecraft \u2013 The Call ot Cthulhu and other weird stories<\/span><\/td>\n<\/tr>\n<tr>\n<td align=\"left\" height=\"17\"><b><span style=\"color: #000000; font-family: Arial;\">Sachb\u00fccher, Biografien, Berichte<\/span><\/b><\/td>\n<\/tr>\n<tr>\n<td align=\"left\" height=\"17\"><span style=\"color: #000000; font-family: Arial;\">Simone de Beauvoir \u2013 Das andere Geschlecht<\/span><\/td>\n<\/tr>\n<tr>\n<td align=\"left\" height=\"17\"><span style=\"color: #000000; font-family: Arial;\">Maya Fiennes \u2013 Yoga for Real Life<\/span><\/td>\n<\/tr>\n<tr>\n<td align=\"left\" height=\"17\"><span style=\"color: #000000; font-family: Arial;\">Alys Fowler \u2013 Alys im Gartenland<\/span><\/td>\n<\/tr>\n<tr>\n<td align=\"left\" height=\"17\"><span style=\"color: #000000; font-family: Arial;\">Elizabeth Gummesson \u2013 Mir Reicht&#8217;s! So befreist du dich aus Perfektionismus und Burnout<\/span><\/td>\n<\/tr>\n<tr>\n<td align=\"left\" height=\"17\"><span style=\"color: #000000; font-family: Arial;\">Cornelia L\u00f6hmer, R\u00fcdiger Standhardt \u2013 Time out statt Burnout<\/span><\/td>\n<\/tr>\n<tr>\n<td align=\"left\" height=\"17\"><span style=\"color: #000000; font-family: Arial;\">Rudolf Steiner \u2013 Die Philosophie der Freiheit<\/span><\/td>\n<\/tr>\n<tr>\n<td align=\"left\" height=\"17\"><span style=\"color: #000000; font-family: Arial;\">Emily Nagoski, Amelia Nagoski \u2013 burnout \u2013 the secret to unlocking the stress cycle<\/span><\/td>\n<\/tr>\n<tr>\n<td align=\"left\" height=\"17\"><span style=\"color: #000000; font-family: Arial;\">Margarete Stokowki \u2013 Untenrum frei<\/span><\/td>\n<\/tr>\n<tr>\n<td align=\"left\" height=\"17\"><b><span style=\"color: #000000; font-family: Arial;\">Klassiker, Romane, Erz\u00e4hlungen<\/span><\/b><\/td>\n<\/tr>\n<tr>\n<td align=\"left\" height=\"17\"><span style=\"color: #000000; font-family: Arial;\">Louisa M. Alcott \u2013 Little Women<\/span><\/td>\n<\/tr>\n<tr>\n<td align=\"left\" height=\"17\"><span style=\"color: #000000; font-family: Arial;\">Jane Austen \u2013 Pride and Prejudice<\/span><\/td>\n<\/tr>\n<tr>\n<td align=\"left\" height=\"17\"><span style=\"color: #000000; font-family: Arial;\">Jane Austen \u2013 Sense and Sensibility<\/span><\/td>\n<\/tr>\n<tr>\n<td align=\"left\" height=\"17\"><span style=\"color: #000000; font-family: Arial;\">Jane Austen \u2013 Persuasion<\/span><\/td>\n<\/tr>\n<tr>\n<td align=\"left\" height=\"17\"><span style=\"color: #000000; font-family: Arial;\">Jane Austen \u2013 Mansfield Park<\/span><\/td>\n<\/tr>\n<tr>\n<td align=\"left\" height=\"17\"><span style=\"color: #000000; font-family: Arial;\">Fredrik Backman \u2013 Ein Mann namens Ove<\/span><\/td>\n<\/tr>\n<tr>\n<td align=\"left\" height=\"17\"><span style=\"color: #000000; font-family: Arial;\">J.M.Bauer \u2013 So weit die F\u00fc\u00dfe tragen<\/span><\/td>\n<\/tr>\n<tr>\n<td align=\"left\" height=\"17\"><span style=\"color: #000000; font-family: Arial;\">Bertholt Brecht \u2013 Mutter Courage und ihre Kinder<\/span><\/td>\n<\/tr>\n<tr>\n<td align=\"left\" height=\"17\"><span style=\"color: #000000; font-family: Arial;\">Roald Dahl \u2013 The Way up to Heaven and other Stories<\/span><\/td>\n<\/tr>\n<tr>\n<td align=\"left\" height=\"17\"><span style=\"color: #000000; font-family: Arial;\">George Eliot \u2013 Middlemarch<\/span><\/td>\n<\/tr>\n<tr>\n<td align=\"left\" height=\"17\"><span style=\"color: #000000; font-family: Arial;\">Max Frisch \u2013 Mein Name sei Gantenbein<\/span><\/td>\n<\/tr>\n<tr>\n<td align=\"left\" height=\"17\"><span style=\"color: #000000; font-family: Arial;\">Max Frisch \u2013 Tagebuch 1946-1949<\/span><\/td>\n<\/tr>\n<tr>\n<td align=\"left\" height=\"17\"><span style=\"color: #000000; font-family: Arial;\">Anna Gavalda \u2013 Zusammen ist man weniger allein<\/span><\/td>\n<\/tr>\n<tr>\n<td align=\"left\" height=\"17\"><span style=\"color: #000000; font-family: Arial;\">O. Henry, Lisbeth Zwerger \u2013 Das Geschenk der Weisen<\/span><\/td>\n<\/tr>\n<tr>\n<td align=\"left\" height=\"17\"><span style=\"color: #000000; font-family: Arial;\">Herman Hesse \u2013 Demian<\/span><\/td>\n<\/tr>\n<tr>\n<td align=\"left\" height=\"17\"><span style=\"color: #000000; font-family: Arial;\">Herman Hesse \u2013 Lauscher<\/span><\/td>\n<\/tr>\n<tr>\n<td align=\"left\" height=\"17\"><span style=\"color: #000000; font-family: Arial;\">Herman Hesse \u2013 Lekt\u00fcre f\u00fcr Minuten<\/span><\/td>\n<\/tr>\n<tr>\n<td align=\"left\" height=\"17\"><span style=\"color: #000000; font-family: Arial;\">Herman Hesse \u2013 Lekt\u00fcre f\u00fcr Minuten \u2013 Neue Folge<\/span><\/td>\n<\/tr>\n<tr>\n<td align=\"left\" height=\"17\"><span style=\"color: #000000; font-family: Arial;\">Emma Holly \u2013 Haut aus Seide<\/span><\/td>\n<\/tr>\n<tr>\n<td align=\"left\" height=\"17\"><span style=\"color: #000000; font-family: Arial;\">Rachel Joyce \u2013 Das Jahr, das zwei Sekunden brauchte<\/span><\/td>\n<\/tr>\n<tr>\n<td align=\"left\" height=\"17\"><span style=\"color: #000000; font-family: Arial;\">Ir\u00e8ne N\u00e9mirovsky \u2013 Suite fran\u00e7aise<\/span><\/td>\n<\/tr>\n<tr>\n<td align=\"left\" height=\"17\"><span style=\"color: #000000; font-family: Arial;\">Ana\u00efs Nin \u2013 Das Delta der Venus<\/span><\/td>\n<\/tr>\n<tr>\n<td align=\"left\" height=\"17\"><span style=\"color: #000000; font-family: Arial;\">Ana\u00efs Nin \u2013 Under a Glass Bell<\/span><\/td>\n<\/tr>\n<tr>\n<td align=\"left\" height=\"17\"><span style=\"color: #000000; font-family: Arial;\">Ana\u00efs Nin \u2013 A Spy in the House of Love<\/span><\/td>\n<\/tr>\n<tr>\n<td align=\"left\" height=\"17\"><span style=\"color: #000000; font-family: Arial;\">George Orwell \u2013 Nineteen Eighty-Four<\/span><\/td>\n<\/tr>\n<tr>\n<td align=\"left\" height=\"17\"><span style=\"color: #000000; font-family: Arial;\">William Shakespeare \u2013 A Midsummer Night&#8217;s Dream<\/span><\/td>\n<\/tr>\n<tr>\n<td align=\"left\" height=\"17\"><span style=\"color: #000000; font-family: Arial;\">William Shakespeare \u2013 The Sonnets<\/span><\/td>\n<\/tr>\n<tr>\n<td align=\"left\" height=\"17\"><span style=\"color: #000000; font-family: Arial;\">Laurence Sterne \u2013 The Life and Opinions of Tristram Shandy, Gentleman<\/span><\/td>\n<\/tr>\n<tr>\n<td align=\"left\" height=\"17\"><span style=\"color: #000000; font-family: Arial;\">Mark Twain \u2013 A Couple of Truly Wonderful Stories<\/span><\/td>\n<\/tr>\n<tr>\n<td align=\"left\" height=\"17\"><span style=\"color: #000000; font-family: Arial;\">Mark Twain \u2013 The Adventures of Tom Sawyer<\/span><\/td>\n<\/tr>\n<tr>\n<td align=\"left\" height=\"17\"><span style=\"color: #000000; font-family: Arial;\">Mark Twain \u2013 Adventures of Huckleberry Finn<\/span><\/td>\n<\/tr>\n<tr>\n<td align=\"left\" height=\"17\"><span style=\"color: #000000; font-family: Arial;\">Mark Twain \u2013 Humorous Stories and Sketches<\/span><\/td>\n<\/tr>\n<tr>\n<td align=\"left\" height=\"17\"><span style=\"color: #000000; font-family: Arial;\">Mark Twain \u2013 The Mysterious Stranger and other Stories<\/span><\/td>\n<\/tr>\n<tr>\n<td align=\"left\" height=\"17\"><span style=\"color: #000000; font-family: Arial;\">Leopold von Sacher-Masoch \u2013 Venus im Pelz<\/span><\/td>\n<\/tr>\n<tr>\n<td align=\"left\" height=\"17\"><span style=\"color: #000000; font-family: Arial;\">Virginia Woolf \u2013 To the Lighthouse<\/span><\/td>\n<\/tr>\n<tr>\n<td align=\"left\" height=\"17\"><b><span style=\"color: #000000; font-family: Arial;\">M\u00e4rchen und Legenden<\/span><\/b><\/td>\n<\/tr>\n<tr>\n<td align=\"left\" height=\"17\"><span style=\"color: #000000; font-family: Arial;\">Noel Daniel \u2013 Die M\u00e4rchen der Br\u00fcder Grimm<\/span><\/td>\n<\/tr>\n<tr>\n<td align=\"left\" height=\"17\"><span style=\"color: #000000; font-family: Arial;\">James MacKillop \u2013 Myths and Legends of the Celts<\/span><\/td>\n<\/tr>\n<tr>\n<td align=\"left\" height=\"17\"><span style=\"color: #000000; font-family: Arial;\">Lily Seafield \u2013 Scottish Witches<\/span><\/td>\n<\/tr>\n<tr>\n<td align=\"left\" height=\"20\"><span style=\"color: #000000; font-family: Arial;\">Frederik Hetmann \u2013 Irischer Zaubergarten<\/span><\/td>\n<\/tr>\n<\/tbody>\n<\/table>\n<\/td>\n<\/tr>\n<\/tbody>\n<\/table>\n","protected":false},"excerpt":{"rendered":"<p>Willkommen in der Selbsthilfegruppe anonymer Bibliophiler. Mach es dir gem\u00fctlich, nimm dir eine sch\u00f6n hei\u00dfe Tasse Tee und greif zu bei den Keksen &#8211; aber wehe du machst Flecken in die B\u00fccher! Um das Eis zu brechen, fange ich die Vorstellungsrunde mit zwei Gest\u00e4ndnissen an: Gest\u00e4ndnis #1: Ich liebe es zu lesen. Gest\u00e4ndnis #2: Ich [&hellip;]<\/p>\n","protected":false},"author":1,"featured_media":0,"parent":0,"menu_order":0,"comment_status":"closed","ping_status":"open","template":"","meta":{"footnotes":""},"class_list":["post-18","page","type-page","status-publish","hentry"],"_links":{"self":[{"href":"https:\/\/www.yggdrasils.de\/index.php?rest_route=\/wp\/v2\/pages\/18"}],"collection":[{"href":"https:\/\/www.yggdrasils.de\/index.php?rest_route=\/wp\/v2\/pages"}],"about":[{"href":"https:\/\/www.yggdrasils.de\/index.php?rest_route=\/wp\/v2\/types\/page"}],"author":[{"embeddable":true,"href":"https:\/\/www.yggdrasils.de\/index.php?rest_route=\/wp\/v2\/users\/1"}],"replies":[{"embeddable":true,"href":"https:\/\/www.yggdrasils.de\/index.php?rest_route=%2Fwp%2Fv2%2Fcomments&post=18"}],"version-history":[{"count":144,"href":"https:\/\/www.yggdrasils.de\/index.php?rest_route=\/wp\/v2\/pages\/18\/revisions"}],"predecessor-version":[{"id":2463,"href":"https:\/\/www.yggdrasils.de\/index.php?rest_route=\/wp\/v2\/pages\/18\/revisions\/2463"}],"wp:attachment":[{"href":"https:\/\/www.yggdrasils.de\/index.php?rest_route=%2Fwp%2Fv2%2Fmedia&parent=18"}],"curies":[{"name":"wp","href":"https:\/\/api.w.org\/{rel}","templated":true}]}}