{"id":2,"date":"2017-07-01T22:20:31","date_gmt":"2017-07-01T20:20:31","guid":{"rendered":"http:\/\/www.yggdrasils.de\/wordpress\/wordpress\/?page_id=2"},"modified":"2018-05-24T23:27:33","modified_gmt":"2018-05-24T21:27:33","slug":"beispiel-seite","status":"publish","type":"page","link":"https:\/\/www.yggdrasils.de\/?page_id=2","title":{"rendered":"Einfach ich"},"content":{"rendered":"<p>Ich finde es immer schwierig sich selbst zu beschreiben. Jeder Mensch hat so viele unterschiedliche Facetten. Je nach Tageslaune sehe ich mich ein bisschen anders und die Eigenwahrnehmung stimmt ja auch nicht immer mit der Au\u00dfenwahrnehmung \u00fcberein.<\/p>\n<p>Ich versuche es trotzdem.<\/p>\n<p><span style=\"color: #008000;\"><strong>Kleine Biografie<\/strong><\/span><br \/>\nAufgewachsen bin ich im M\u00fcnsterland, am Rande des Ruhrgebietes. Mein Herz h\u00e4ngt an beiden Landstrichen: Ich mag die direkte Art der Ruhrpottler, den Humor und das im Ruhrpott immer was los ist. Auf der anderen Seite finde ich die Reserviertheit des M\u00fcnsterl\u00e4nders dann und wann erholsam und die Weitl\u00e4ufigkeit \u00a0der Landschaft entspannend.<br \/>\nNachdem ich beruflich immer &#8220;irgendwas mit Tieren&#8221; machen\u00a0wollte, das gesundheitlich aber leider nicht m\u00f6glich war habe ich dann halt &#8220;irgendwas mit Ern\u00e4hrung&#8221; studiert &#8211;\u00a0und nie beendet.<br \/>\nGelandet bin ich in einem B\u00fcrojob, der mir oft viel Spa\u00df\u00a0macht, mich aber auch h\u00e4ufig frustriert; wie es bei vielen Anderen auch der Fall ist.<\/p>\n<p>Mittlerweile bin ich \u00a0<img loading=\"lazy\" decoding=\"async\" class=\"wp-image-1752 alignright\" src=\"https:\/\/www.yggdrasils.de\/Blog\/wp-content\/uploads\/2012\/01\/Kissen.jpg\" alt=\"\" width=\"215\" height=\"382\" srcset=\"https:\/\/www.yggdrasils.de\/Blog\/wp-content\/uploads\/2012\/01\/Kissen.jpg 478w, https:\/\/www.yggdrasils.de\/Blog\/wp-content\/uploads\/2012\/01\/Kissen-169x300.jpg 169w\" sizes=\"(max-width: 215px) 100vw, 215px\" \/>Mitte\u00a0drei\u00dfig, verheiratet und Hausherrin. Oder wie mein Mann gerne sagt: &#8220;Man, sind wir spie\u00dfig geworden.&#8221; &#8211; Aber keine Sorge, Anf\u00e4lle von Spie\u00dfigkeit legen sich meist schnell wieder und m\u00fcnden gern im Austausch von Albernheiten oder Diskussionen um echt &#8216;nerdige&#8217; Themen. &#8211; Wobei ich zugeben muss: Wenn mein Mann anf\u00e4ngt von Star Wars oder Tabletop-Systemen zu erz\u00e4hlen, werde ich gedanklich schnell mal abgeh\u00e4ngt. Anders herum klappt das bei &#8220;meinen&#8221; Themen aber auch ganz gut.<\/p>\n<p>&nbsp;<\/p>\n<p><strong><span style=\"color: #008000;\">Einblicke in <del>eine Welt voll Chaos<\/del> meine Gedankenwelt<\/span><br \/>\n<\/strong>Das ist ein schwieriges Thema, denn wo soll ich da blo\u00df anfangen?<br \/>\n&#8230;<br \/>\nIch bin oft kreativ-chaotisch mit einem gleichzeitigen Hang zur Ordnung. Das hei\u00dft meistens, dass ich meine eigene Ordnung schaffe, in der sich andere nicht unbedingt zurecht finden.<\/p>\n<p>Also bleibe ich einfach mal bei den Fakten:<br \/>\nIch&#8230;<\/p>\n<p>&#8230; bin offen f\u00fcr neue Ideen, M\u00f6glichkeiten und Menschen. Hat man mich aber ein Mal pers\u00f6nlich getroffen oder stark entt\u00e4uscht, tritt mein Elefantenged\u00e4chtnis in Aktion und es ist sehr schwer f\u00fcr mich in solchen Situationen zu verzeihen. &#8211; B\u00f6se Zungen behaupten, dass sei der sture Westfale in mir. \ud83d\ude09<\/p>\n<p>&#8230; liebe Gro\u00dfbritannien im Allgemeinen und Schottland im Besonderen, bin bekennende (Schwarz-)Teetrinkerin, Fan von Doctor Who und Sherlock, mag das Marvel CU, lese aber auch DC-Comics und h\u00f6re immer noch mit Begeisterung \u00a0&#8216;Die drei ???&#8217;.<\/p>\n<p>&#8230; mache seit Jahren gern Yoga, lebe aber weder vegetarisch noch vegan.<\/p>\n<p>&#8230; habe ein fast schon sprichw\u00f6rtliches Faible f\u00fcr die Farben Gr\u00fcn und Grau.<\/p>\n<p>&#8230; bin sehr tolerant und lebe meistens nach dem Grundsatz &#8220;jeder nach seiner Fasson&#8221; oder wie es der Rheinl\u00e4nder ausdr\u00fcckt: &#8220;Jeder Jeck is anners&#8221;. \u00a0Wenn wir alle im t\u00e4glichen Leben ein bisschen mehr R\u00fccksicht auf andere nehmen w\u00fcrden, w\u00fcrde unsere Lebensqualit\u00e4t stark ansteigen. R\u00fccksicht schlie\u00dft hier auch nachhaltiges Verhalten mit ein. &#8211; Stichwort Umweltschutz.<br \/>\nIm Umkehrschluss hei\u00dft das: Extremistische Parteien und Ansichten sind mir zuwider, da lasse ich mich doch lieber als &#8220;links-versifft&#8221; titulieren.<br \/>\nOder zusammengefasst: Politisch bin ich gr\u00fcn-links mit zeitweilig konservativen Anwandlungen. Sich auf eine Partei festzulegen und ihr blind zu folgen, daf\u00fcr bin ich nicht geschaffen. Ich picke mir von allem etwas heraus und reflektiere es bevor ich beschlie\u00dfe, dass es f\u00fcr mich passt.<\/p>\n<p>&nbsp;<\/p>\n<p><span style=\"color: #008000;\"><strong>Was ich tue<\/strong><\/span><br \/>\nMeine Freizeit verbringe ich im Moment haupts\u00e4chlich mit unserem Haus. Achtung, jetzt folgt DER Klischee-<img loading=\"lazy\" decoding=\"async\" class=\"wp-image-1522 alignleft\" src=\"https:\/\/www.yggdrasils.de\/Blog\/wp-content\/uploads\/2016\/06\/Haus_Strassenansicht.jpg\" alt=\"\" width=\"223\" height=\"187\" srcset=\"https:\/\/www.yggdrasils.de\/Blog\/wp-content\/uploads\/2016\/06\/Haus_Strassenansicht.jpg 700w, https:\/\/www.yggdrasils.de\/Blog\/wp-content\/uploads\/2016\/06\/Haus_Strassenansicht-300x252.jpg 300w\" sizes=\"(max-width: 223px) 100vw, 223px\" \/>Satz eines Hausbesitzers: &#8220;Mit einem Haus hat man ja immer was zu tun.&#8221;<br \/>\nWas soll ich sagen? Es stimmt. Aber es macht ja auch Spa\u00df und wir haben uns es selbst ausgesucht, also wird auch nicht gemeckert. Nur ab und zu das Konto angeschaut und leise geweint.<\/p>\n<p>Sollte dann noch Zeit \u00fcbrig sein, bin ich &#8211; wie eingangs schon erw\u00e4hnt &#8211; gerne kreativ. Das \u00e4u\u00dfert sich seit 2009 haupts\u00e4chlich in gestrickten Dingen: Socken, Schals, T\u00fccher, Pullover &#8211; kurz: Liebe in Wollform.<\/p>\n<p>&nbsp;<\/p>\n<div id=\"attachment_1542\" style=\"width: 228px\" class=\"wp-caption alignleft\"><img loading=\"lazy\" decoding=\"async\" aria-describedby=\"caption-attachment-1542\" class=\"wp-image-1542\" style=\"display: block; -webkit-user-drag: none; padding: 0px; color: #767676; font-weight: bold;\" src=\"https:\/\/www.yggdrasils.de\/Blog\/wp-content\/uploads\/2016\/07\/Hochzeit06.jpg\" alt=\"\" width=\"218\" height=\"145\" srcset=\"https:\/\/www.yggdrasils.de\/Blog\/wp-content\/uploads\/2016\/07\/Hochzeit06.jpg 700w, https:\/\/www.yggdrasils.de\/Blog\/wp-content\/uploads\/2016\/07\/Hochzeit06-300x200.jpg 300w\" sizes=\"(max-width: 218px) 100vw, 218px\" \/><p id=\"caption-attachment-1542\" class=\"wp-caption-text\"><span style=\"color: #999999;\">Bild: www.samuelfigueroa.com<\/span><\/p><\/div>\n<p style=\"text-align: left;\">Ein ganz wichtiger Teil meines Lebens sind au\u00dferdem B\u00fccher.<br \/>\nAls ich\u00a0noch nicht lesen konnte, musste mir meine Familie immer <strong>alles<\/strong> vorlesen &#8211; und das ist keine Untertreibung. Ich glaube, meine gesamte Familie hat am Tag meiner Einschulung unisono aufgeatmet.<br \/>\nMittlerweile hat sich mein Buchgeschmack verfestigt, wobei ich auch immer mal wieder abseits meiner bevorzugten Genres st\u00f6bere.<br \/>\nWelche B\u00fccher ich gelesen habe und welche ich noch <del>horte<\/del> in meinem Regal stehen habe, kannst du <a href=\"https:\/\/www.yggdrasils.de\/?page_id=18\" target=\"_blank\" rel=\"noopener\">hier <\/a>nachlesen.<\/p>\n<p>&nbsp;<\/p>\n<p><span style=\"color: #008000;\"><strong>Dieser Blog<\/strong><\/span><br \/>\nSo wenig wie es f\u00fcr mich (und alle anderen Menschen auch) eine einzelne Schublade gibt, so wenig gibt es sie auch f\u00fcr diesen Blog. Hier kommt einfach alles hinein, was mich besch\u00e4ftigt, was ich mit dir teilen m\u00f6chte, was in meinem Leben so passiert.<br \/>\nIm Moment sind das haupts\u00e4chlich<br \/>\n&#8211; Haus und Hof<br \/>\n&#8211; Stricken und andere kreative Sachen<br \/>\n&#8211; Kochen<br \/>\n&#8211; Haustiere<br \/>\nund vielleicht schleicht sich auch der eine oder andere Beitrag zu den Themen Nachhaltigkeit, Politik und Feminismus ein.<\/p>\n<p><span style=\"color: #008000;\"><strong><em>Jetzt w\u00fcnsche ich dir viel Spa\u00df dabei in meinem Blog zu st\u00f6bern und freue mich \u00fcber deine Kommentare oder E-Mails an das_baeumchen@gmx.net .<\/em><\/strong><\/span><\/p>\n","protected":false},"excerpt":{"rendered":"<p>Ich finde es immer schwierig sich selbst zu beschreiben. Jeder Mensch hat so viele unterschiedliche Facetten. Je nach Tageslaune sehe ich mich ein bisschen anders und die Eigenwahrnehmung stimmt ja auch nicht immer mit der Au\u00dfenwahrnehmung \u00fcberein. Ich versuche es trotzdem. Kleine Biografie Aufgewachsen bin ich im M\u00fcnsterland, am Rande des Ruhrgebietes. Mein Herz h\u00e4ngt [&hellip;]<\/p>\n","protected":false},"author":1,"featured_media":0,"parent":0,"menu_order":0,"comment_status":"closed","ping_status":"open","template":"","meta":{"footnotes":""},"class_list":["post-2","page","type-page","status-publish","hentry"],"_links":{"self":[{"href":"https:\/\/www.yggdrasils.de\/index.php?rest_route=\/wp\/v2\/pages\/2"}],"collection":[{"href":"https:\/\/www.yggdrasils.de\/index.php?rest_route=\/wp\/v2\/pages"}],"about":[{"href":"https:\/\/www.yggdrasils.de\/index.php?rest_route=\/wp\/v2\/types\/page"}],"author":[{"embeddable":true,"href":"https:\/\/www.yggdrasils.de\/index.php?rest_route=\/wp\/v2\/users\/1"}],"replies":[{"embeddable":true,"href":"https:\/\/www.yggdrasils.de\/index.php?rest_route=%2Fwp%2Fv2%2Fcomments&post=2"}],"version-history":[{"count":23,"href":"https:\/\/www.yggdrasils.de\/index.php?rest_route=\/wp\/v2\/pages\/2\/revisions"}],"predecessor-version":[{"id":1784,"href":"https:\/\/www.yggdrasils.de\/index.php?rest_route=\/wp\/v2\/pages\/2\/revisions\/1784"}],"wp:attachment":[{"href":"https:\/\/www.yggdrasils.de\/index.php?rest_route=%2Fwp%2Fv2%2Fmedia&parent=2"}],"curies":[{"name":"wp","href":"https:\/\/api.w.org\/{rel}","templated":true}]}}