{"id":2067,"date":"2018-06-02T10:58:39","date_gmt":"2018-06-02T08:58:39","guid":{"rendered":"https:\/\/www.yggdrasils.de\/?page_id=2067"},"modified":"2018-10-17T09:46:49","modified_gmt":"2018-10-17T07:46:49","slug":"projekt-kleiderschrank","status":"publish","type":"page","link":"https:\/\/www.yggdrasils.de\/?page_id=2067","title":{"rendered":"Projekt Kleiderschrank"},"content":{"rendered":"<p>Ich bin unzufrieden mit meiner aktuellen Garderobe. Und was macht man, wenn man unzufrieden ist? Genau: <del>Meckern und weitermachen wie bisher<\/del>\u00a0 \u00c4rmel hochkrempeln und \u00e4ndern was einen st\u00f6rt.<\/p>\n<p>Den Ansto\u00df gab dazu Susanne aka <a href=\"http:\/\/creativemother.de\" target=\"_blank\" rel=\"noopener\">creativemother<\/a>\u00a0in der ravelry-Gruppe &#8220;Podcasting auf Deutsch&#8221;.<\/p>\n<p>Ende 2017 bin ich dann mit dem Projekt Kleiderschrank gestartet.<br \/>\nEin Enddatum gibt es nicht &#8211; Kleidung muss ersetzt werden, Geschm\u00e4cker \u00e4ndern sich, unterschiedliche Wetterlagen erfordern unterschiedliche Schwerpunkte.<\/p>\n<p><a href=\"https:\/\/www.yggdrasils.de\/?p=1850\" target=\"_blank\" rel=\"noopener\">Den urspr\u00fcnglichen Plan findest du hier.<\/a><\/p>\n<p><strong>Teilziele<\/strong><\/p>\n<ol>\n<li><del>Ich stelle den Status Quo fest:<\/del><br \/>\n<del>Welche Kleidungsst\u00fccke besitze ich?<\/del><br \/>\n<del>Welche Kleidungsst\u00fccke behalte ich?<\/del><br \/>\nErledigt<\/li>\n<li><del>Was m\u00f6chte ich?<\/del><br \/>\n<del>Welche Kleidungsst\u00fccke fehlen?<\/del><br \/>\n<del>Welche Farben soll meine Garderobe zuk\u00fcnftig haben?<\/del><br \/>\n<a href=\"https:\/\/www.yggdrasils.de\/?p=1859\" target=\"_blank\" rel=\"noopener\">Erledigt<\/a><\/li>\n<li>Was brauche ich zur Durchf\u00fchrung?<del><br \/>\nKenntnisse in Sachen Schnittmuster ausbauen.<br \/>\nMaterial gezielt Projektbezogen kaufen. Damit einhergehend: Den aktuellen Stash abbauen.<br \/>\nN\u00e4hen lernen.<br \/>\nNeue Stricktechniken lernen.<br \/>\nAnfangen!<\/del><\/li>\n<li>Zwischenstand &#8211; \u00dcberpr\u00fcfung:<br \/>\nFertige ich das was ich brauche oder was ich m\u00f6chte?<br \/>\nPassen die gesetzten Ziele noch?<br \/>\nH\u00e4lt sich der Stash in Grenzen?<br \/>\nMuss ansonsten noch etwas angepasst werden?<\/li>\n<\/ol>\n<p><strong>Ergebnisse<\/strong><\/p>\n<ul>\n<li>Kleiderschrank ausgemistet<\/li>\n<li>Bedarfe festgestellt und Kleidungsst\u00fccke angefertigt:<br \/>\nStricksocken (5 Paar)<br \/>\nDunkle Jeans<br \/>\nDunkle Stoffhose<br \/>\nWintermantel (1)<br \/>\nBlazer, bevorzugt in einem dunklen Grau<br \/>\nStrickjacken in neutralen Farben (<a href=\"https:\/\/www.yggdrasils.de\/?p=1915\" target=\"_blank\" rel=\"noopener\">Holey Comfort<\/a>)<br \/>\nLangarmshirts<br \/>\nT-Shirts\/ Tops f\u00fcrs B\u00fcro<br \/>\nHandschuhe (<a href=\"https:\/\/www.yggdrasils.de\/?p=1866\" target=\"_blank\" rel=\"noopener\">Glitten<\/a>)<br \/>\nStulpen (<a href=\"https:\/\/www.yggdrasils.de\/?p=2024\" target=\"_blank\" rel=\"noopener\">Gansey Wristers<\/a>)<br \/>\nM\u00fctzen<\/li>\n<\/ul>\n","protected":false},"excerpt":{"rendered":"<p>Ich bin unzufrieden mit meiner aktuellen Garderobe. Und was macht man, wenn man unzufrieden ist? Genau: Meckern und weitermachen wie bisher\u00a0 \u00c4rmel hochkrempeln und \u00e4ndern was einen st\u00f6rt. Den Ansto\u00df gab dazu Susanne aka creativemother\u00a0in der ravelry-Gruppe &#8220;Podcasting auf Deutsch&#8221;. Ende 2017 bin ich dann mit dem Projekt Kleiderschrank gestartet. Ein Enddatum gibt es nicht [&hellip;]<\/p>\n","protected":false},"author":1,"featured_media":0,"parent":0,"menu_order":0,"comment_status":"closed","ping_status":"closed","template":"","meta":{"footnotes":""},"class_list":["post-2067","page","type-page","status-publish","hentry"],"_links":{"self":[{"href":"https:\/\/www.yggdrasils.de\/index.php?rest_route=\/wp\/v2\/pages\/2067"}],"collection":[{"href":"https:\/\/www.yggdrasils.de\/index.php?rest_route=\/wp\/v2\/pages"}],"about":[{"href":"https:\/\/www.yggdrasils.de\/index.php?rest_route=\/wp\/v2\/types\/page"}],"author":[{"embeddable":true,"href":"https:\/\/www.yggdrasils.de\/index.php?rest_route=\/wp\/v2\/users\/1"}],"replies":[{"embeddable":true,"href":"https:\/\/www.yggdrasils.de\/index.php?rest_route=%2Fwp%2Fv2%2Fcomments&post=2067"}],"version-history":[{"count":4,"href":"https:\/\/www.yggdrasils.de\/index.php?rest_route=\/wp\/v2\/pages\/2067\/revisions"}],"predecessor-version":[{"id":2131,"href":"https:\/\/www.yggdrasils.de\/index.php?rest_route=\/wp\/v2\/pages\/2067\/revisions\/2131"}],"wp:attachment":[{"href":"https:\/\/www.yggdrasils.de\/index.php?rest_route=%2Fwp%2Fv2%2Fmedia&parent=2067"}],"curies":[{"name":"wp","href":"https:\/\/api.w.org\/{rel}","templated":true}]}}