{"id":2264,"date":"2019-05-12T14:42:10","date_gmt":"2019-05-12T12:42:10","guid":{"rendered":"https:\/\/www.yggdrasils.de\/?page_id=2264"},"modified":"2019-05-12T14:42:10","modified_gmt":"2019-05-12T12:42:10","slug":"auf-den-ohren","status":"publish","type":"page","link":"https:\/\/www.yggdrasils.de\/?page_id=2264","title":{"rendered":"Auf den Ohren"},"content":{"rendered":"\n<p>Ich h\u00f6re Podcasts. Viele Podcasts. Nach und nach erz\u00e4hle ich dir ein bisschen was \u00fcber die einzelnen Podcasts und verlinke die Beitr\u00e4ge in dieser Liste. <br>Diese Podcasts hier habe ich aktuell abonniert:<\/p>\n\n\n\n<ul class=\"wp-block-list\"><li>Abenteuer Brettspiele<\/li><li>Alliteration Am Arsch<\/li><li>Anekdotisch Evident<\/li><li>Ausfasernd<\/li><li>Bl\u00e4tter-Podcast<\/li><li>CRE: Technik, Kultur, Gesellschaft<\/li><li>Dan Carlin\u00b4s Hardcore History<\/li><li>Das Thema (S\u00fcddeutsche)<\/li><li>Datenschutz-Guru<\/li><li>David Tennant does a podcast<\/li><li>Der OrdnungsPodcast<\/li><li>Die Anachronistin<\/li><li>Die Wochend\u00e4mmerung<\/li><li>Ear Hustle<\/li><li>Einschlafen Podcast<\/li><li>Elbsoda<\/li><li>F this Knit<\/li><li>fadentext<\/li><li>Faking Hitler<\/li><li>Fiberthermometer<\/li><li>Forschergeist<\/li><li>Frickelcast<\/li><li>Gartenradio<\/li><li>glaube nicht alles was du denkst<\/li><li>Kapitel Eins<\/li><li>Knit 1 Geek 2<\/li><li>KnitBritish<\/li><li>Krautreporter<\/li><li>Lage der Nation<\/li><li>Lauscherlounge<\/li><li>Methodisch Inkorrekt<\/li><li>M\u00f6pse, Mieter &amp; Moneten<\/li><li>My Dad Wrote A Porno<\/li><li>N\u00e4h deinen Stil<\/li><li>Nahtzugabe 5 cm<\/li><li>No Niin!<\/li><li>Not Safe For Work<\/li><li>OrdnungHOCH2<\/li><li>Passt &#8211; der Podcast von Crafteln<\/li><li>Podcast &#8211; creative.mother.thinking<\/li><li>Fadenliebe<\/li><li>Potterless<\/li><li>Revisionist History<\/li><li>Secta<\/li><li>Spezialgelagerter Sonderpodcast<\/li><li>Str\u00e4ter Bender Streberg<\/li><li>the British History Podcast<\/li><li>The Shinybees Knitting and Yarn Podcast<\/li><li>The SweetGeorgia Show<\/li><li>UKW<\/li><li>WDR ZeitZeichen<\/li><li>wollgespr\u00e4che<\/li><li>Wollinspirationen<\/li><li>Wollkanal<\/li><li>Wollkotze<\/li><li>WRINT: Realit\u00e4tsabgleich<\/li><li>WRINT: Wer redet ist nicht tot<\/li><li>Zeitsprung<\/li><li>zwillingsnadel<\/li><\/ul>\n\n\n\n<p><\/p>\n","protected":false},"excerpt":{"rendered":"<p>Ich h\u00f6re Podcasts. Viele Podcasts. Nach und nach erz\u00e4hle ich dir ein bisschen was \u00fcber die einzelnen Podcasts und verlinke die Beitr\u00e4ge in dieser Liste. Diese Podcasts hier habe ich aktuell abonniert: Abenteuer Brettspiele Alliteration Am Arsch Anekdotisch Evident Ausfasernd Bl\u00e4tter-Podcast CRE: Technik, Kultur, Gesellschaft Dan Carlin\u00b4s Hardcore History Das Thema (S\u00fcddeutsche) Datenschutz-Guru David Tennant [&hellip;]<\/p>\n","protected":false},"author":1,"featured_media":0,"parent":0,"menu_order":0,"comment_status":"closed","ping_status":"closed","template":"","meta":{"footnotes":""},"class_list":["post-2264","page","type-page","status-publish","hentry"],"_links":{"self":[{"href":"https:\/\/www.yggdrasils.de\/index.php?rest_route=\/wp\/v2\/pages\/2264"}],"collection":[{"href":"https:\/\/www.yggdrasils.de\/index.php?rest_route=\/wp\/v2\/pages"}],"about":[{"href":"https:\/\/www.yggdrasils.de\/index.php?rest_route=\/wp\/v2\/types\/page"}],"author":[{"embeddable":true,"href":"https:\/\/www.yggdrasils.de\/index.php?rest_route=\/wp\/v2\/users\/1"}],"replies":[{"embeddable":true,"href":"https:\/\/www.yggdrasils.de\/index.php?rest_route=%2Fwp%2Fv2%2Fcomments&post=2264"}],"version-history":[{"count":1,"href":"https:\/\/www.yggdrasils.de\/index.php?rest_route=\/wp\/v2\/pages\/2264\/revisions"}],"predecessor-version":[{"id":2266,"href":"https:\/\/www.yggdrasils.de\/index.php?rest_route=\/wp\/v2\/pages\/2264\/revisions\/2266"}],"wp:attachment":[{"href":"https:\/\/www.yggdrasils.de\/index.php?rest_route=%2Fwp%2Fv2%2Fmedia&parent=2264"}],"curies":[{"name":"wp","href":"https:\/\/api.w.org\/{rel}","templated":true}]}}